{"id":1606,"date":"2024-04-02T13:03:01","date_gmt":"2024-04-02T11:03:01","guid":{"rendered":"https:\/\/ecgbad-driburg.de\/?page_id=1606"},"modified":"2025-11-16T21:45:53","modified_gmt":"2025-11-16T20:45:53","slug":"workshop","status":"publish","type":"page","link":"https:\/\/ecgbad-driburg.de\/workshop\/","title":{"rendered":"Veranstaltungen"},"content":{"rendered":"\t\t<div data-elementor-type=\"wp-page\" data-elementor-id=\"1606\" class=\"elementor elementor-1606\">\n\t\t\t\t<div class=\"elementor-element elementor-element-60ff2965 e-con-full e-flex e-con e-parent\" data-id=\"60ff2965\" data-element_type=\"container\" data-e-type=\"container\">\n\t\t<div class=\"elementor-element elementor-element-69cf6adc e-con-full e-flex e-con e-child\" data-id=\"69cf6adc\" data-element_type=\"container\" data-e-type=\"container\">\n\t\t<div class=\"elementor-element elementor-element-6127b95f e-con-full e-flex e-con e-child\" data-id=\"6127b95f\" data-element_type=\"container\" data-e-type=\"container\">\n\t\t\t\t<div class=\"elementor-element elementor-element-5a3e7930 elementor-widget elementor-widget-heading\" data-id=\"5a3e7930\" data-element_type=\"widget\" data-e-type=\"widget\" data-widget_type=\"heading.default\">\n\t\t\t\t<div class=\"elementor-widget-container\">\n\t\t\t\t\t<h1 class=\"elementor-heading-title elementor-size-default\">Unsere Veranstaltungen<\/h1>\t\t\t\t<\/div>\n\t\t\t\t<\/div>\n\t\t\t\t<div class=\"elementor-element elementor-element-4f829ec9 elementor-widget__width-initial elementor-widget elementor-widget-text-editor\" data-id=\"4f829ec9\" data-element_type=\"widget\" data-e-type=\"widget\" data-widget_type=\"text-editor.default\">\n\t\t\t\t<div class=\"elementor-widget-container\">\n\t\t\t\t\t\t\t\t\t<p>Willst du mehr \u00fcber uns erfahren? Du bist gerne eingeladen! Unsere Veranstaltungen sind \u00f6ffentlich und f\u00fcr jeden ohne Anmeldung frei zu besuchen. Komm doch einfach vorbei \u2013 wir freuen uns auf dich!<\/p>\t\t\t\t\t\t\t\t<\/div>\n\t\t\t\t<\/div>\n\t\t\t\t<\/div>\n\t\t\t\t<\/div>\n\t\t<div class=\"elementor-element elementor-element-23c424c e-con-full e-flex e-con e-child\" data-id=\"23c424c\" data-element_type=\"container\" data-e-type=\"container\">\n\t\t\t\t<div class=\"elementor-element elementor-element-fbd6e89 elementor-widget elementor-widget-image\" data-id=\"fbd6e89\" data-element_type=\"widget\" data-e-type=\"widget\" data-widget_type=\"image.default\">\n\t\t\t\t<div class=\"elementor-widget-container\">\n\t\t\t\t\t\t\t\t\t\t\t\t\t\t\t<img fetchpriority=\"high\" decoding=\"async\" width=\"740\" height=\"740\" src=\"https:\/\/ecgbad-driburg.de\/wp-content\/uploads\/ECGBD-Logo-Schwarz-auf-Alpha-Sehr-Gross-1024x1024.png\" class=\"attachment-large size-large wp-image-2039\" alt=\"\" srcset=\"https:\/\/ecgbad-driburg.de\/wp-content\/uploads\/ECGBD-Logo-Schwarz-auf-Alpha-Sehr-Gross-1024x1024.png 1024w, https:\/\/ecgbad-driburg.de\/wp-content\/uploads\/ECGBD-Logo-Schwarz-auf-Alpha-Sehr-Gross-300x300.png 300w, https:\/\/ecgbad-driburg.de\/wp-content\/uploads\/ECGBD-Logo-Schwarz-auf-Alpha-Sehr-Gross-150x150.png 150w, https:\/\/ecgbad-driburg.de\/wp-content\/uploads\/ECGBD-Logo-Schwarz-auf-Alpha-Sehr-Gross-768x768.png 768w, https:\/\/ecgbad-driburg.de\/wp-content\/uploads\/ECGBD-Logo-Schwarz-auf-Alpha-Sehr-Gross-100x100.png 100w, https:\/\/ecgbad-driburg.de\/wp-content\/uploads\/ECGBD-Logo-Schwarz-auf-Alpha-Sehr-Gross.png 1500w\" sizes=\"100vw\" \/>\t\t\t\t\t\t\t\t\t\t\t\t\t\t\t<\/div>\n\t\t\t\t<\/div>\n\t\t\t\t<\/div>\n\t\t\t\t<\/div>\n\t\t<div class=\"elementor-element elementor-element-31ce629 e-con-full e-flex e-con e-parent\" data-id=\"31ce629\" data-element_type=\"container\" data-e-type=\"container\">\n\t\t\t\t<div class=\"elementor-element elementor-element-d5dd275 elementor-widget elementor-widget-heading\" data-id=\"d5dd275\" data-element_type=\"widget\" data-e-type=\"widget\" data-widget_type=\"heading.default\">\n\t\t\t\t<div class=\"elementor-widget-container\">\n\t\t\t\t\t<span class=\"elementor-heading-title elementor-size-default\">Veranstaltungen<\/span>\t\t\t\t<\/div>\n\t\t\t\t<\/div>\n\t\t<div class=\"elementor-element elementor-element-101d2f8 e-con-full e-flex e-con e-child\" data-id=\"101d2f8\" data-element_type=\"container\" data-e-type=\"container\">\n\t\t<div class=\"elementor-element elementor-element-a4b2ed3 e-con-full e-flex e-con e-child\" data-id=\"a4b2ed3\" data-element_type=\"container\" data-e-type=\"container\">\n\t\t<div class=\"elementor-element elementor-element-086f770 e-con-full e-flex e-con e-child\" data-id=\"086f770\" data-element_type=\"container\" data-e-type=\"container\">\n\t\t\t\t<div class=\"elementor-element elementor-element-d77f57c elementor-widget elementor-widget-heading\" data-id=\"d77f57c\" data-element_type=\"widget\" data-e-type=\"widget\" data-widget_type=\"heading.default\">\n\t\t\t\t<div class=\"elementor-widget-container\">\n\t\t\t\t\t<h2 class=\"elementor-heading-title elementor-size-default\">Gottesdienst<\/h2>\t\t\t\t<\/div>\n\t\t\t\t<\/div>\n\t\t\t\t<div class=\"elementor-element elementor-element-4aab38c elementor-position-top elementor-widget elementor-widget-image-box\" data-id=\"4aab38c\" data-element_type=\"widget\" data-e-type=\"widget\" data-widget_type=\"image-box.default\">\n\t\t\t\t<div class=\"elementor-widget-container\">\n\t\t\t\t\t<div class=\"elementor-image-box-wrapper\"><figure class=\"elementor-image-box-img\"><img decoding=\"async\" width=\"2560\" height=\"1707\" src=\"https:\/\/ecgbad-driburg.de\/wp-content\/uploads\/001BM0A8396-scaled.jpg\" class=\"elementor-animation-sink attachment-full size-full wp-image-1701\" alt=\"\" srcset=\"https:\/\/ecgbad-driburg.de\/wp-content\/uploads\/001BM0A8396-scaled.jpg 2560w, https:\/\/ecgbad-driburg.de\/wp-content\/uploads\/001BM0A8396-300x200.jpg 300w, https:\/\/ecgbad-driburg.de\/wp-content\/uploads\/001BM0A8396-1024x683.jpg 1024w, https:\/\/ecgbad-driburg.de\/wp-content\/uploads\/001BM0A8396-768x512.jpg 768w, https:\/\/ecgbad-driburg.de\/wp-content\/uploads\/001BM0A8396-1536x1024.jpg 1536w, https:\/\/ecgbad-driburg.de\/wp-content\/uploads\/001BM0A8396-2048x1365.jpg 2048w\" sizes=\"(max-width: 706px) 89vw, (max-width: 767px) 82vw, 740px\" \/><\/figure><div class=\"elementor-image-box-content\"><h3 class=\"elementor-image-box-title\">Sonntag 10.00Uhr<\/h3><p class=\"elementor-image-box-description\">Den Gottesdienst am Sonntag verstehen wir als eine Zeit der Gemeinschaft und der Ermutigung. Durch Singen und Hinh\u00f6ren auf Gottes Wort justieren wir uns auf Gott aus.\nIm Zentrum steht dabei die Erkl\u00e4rung eines Abschnitts aus der Bibel. Auch Kinder sind dabei im Fokus, f\u00fcr sie gibt es eine Kinderlektion.<\/p><\/div><\/div>\t\t\t\t<\/div>\n\t\t\t\t<\/div>\n\t\t\t\t<\/div>\n\t\t<div class=\"elementor-element elementor-element-67006a3 e-con-full e-flex e-con e-child\" data-id=\"67006a3\" data-element_type=\"container\" data-e-type=\"container\">\n\t\t\t\t<div class=\"elementor-element elementor-element-d1dec50 elementor-widget elementor-widget-heading\" data-id=\"d1dec50\" data-element_type=\"widget\" data-e-type=\"widget\" data-widget_type=\"heading.default\">\n\t\t\t\t<div class=\"elementor-widget-container\">\n\t\t\t\t\t<h2 class=\"elementor-heading-title elementor-size-default\">Bibelabend<\/h2>\t\t\t\t<\/div>\n\t\t\t\t<\/div>\n\t\t\t\t<div class=\"elementor-element elementor-element-70f8576 elementor-position-top elementor-widget elementor-widget-image-box\" data-id=\"70f8576\" data-element_type=\"widget\" data-e-type=\"widget\" data-widget_type=\"image-box.default\">\n\t\t\t\t<div class=\"elementor-widget-container\">\n\t\t\t\t\t<div class=\"elementor-image-box-wrapper\"><figure class=\"elementor-image-box-img\"><img decoding=\"async\" width=\"2560\" height=\"1707\" src=\"https:\/\/ecgbad-driburg.de\/wp-content\/uploads\/IMG_8247-scaled.jpg\" class=\"elementor-animation-sink attachment-full size-full wp-image-1731\" alt=\"\" srcset=\"https:\/\/ecgbad-driburg.de\/wp-content\/uploads\/IMG_8247-scaled.jpg 2560w, https:\/\/ecgbad-driburg.de\/wp-content\/uploads\/IMG_8247-300x200.jpg 300w, https:\/\/ecgbad-driburg.de\/wp-content\/uploads\/IMG_8247-1024x683.jpg 1024w, https:\/\/ecgbad-driburg.de\/wp-content\/uploads\/IMG_8247-768x512.jpg 768w, https:\/\/ecgbad-driburg.de\/wp-content\/uploads\/IMG_8247-1536x1024.jpg 1536w, https:\/\/ecgbad-driburg.de\/wp-content\/uploads\/IMG_8247-2048x1365.jpg 2048w\" sizes=\"(max-width: 706px) 89vw, (max-width: 767px) 82vw, 740px\" \/><\/figure><div class=\"elementor-image-box-content\"><h3 class=\"elementor-image-box-title\">Mittwoch 18.30Uhr<\/h3><p class=\"elementor-image-box-description\">Wir treffen uns, um Gottes Wort zu studieren und es gemeinsam besser kennen zu lernen. Wir tauschen Gedanken aus, singen und beten.<\/p><\/div><\/div>\t\t\t\t<\/div>\n\t\t\t\t<\/div>\n\t\t\t\t<\/div>\n\t\t<div class=\"elementor-element elementor-element-202ad7d e-con-full e-flex e-con e-child\" data-id=\"202ad7d\" data-element_type=\"container\" data-e-type=\"container\">\n\t\t\t\t<div class=\"elementor-element elementor-element-7e5fd20 elementor-widget elementor-widget-heading\" data-id=\"7e5fd20\" data-element_type=\"widget\" data-e-type=\"widget\" data-widget_type=\"heading.default\">\n\t\t\t\t<div class=\"elementor-widget-container\">\n\t\t\t\t\t<h2 class=\"elementor-heading-title elementor-size-default\">Kinder &amp; Teens<\/h2>\t\t\t\t<\/div>\n\t\t\t\t<\/div>\n\t\t\t\t<div class=\"elementor-element elementor-element-8a21338 elementor-position-top elementor-widget elementor-widget-image-box\" data-id=\"8a21338\" data-element_type=\"widget\" data-e-type=\"widget\" data-widget_type=\"image-box.default\">\n\t\t\t\t<div class=\"elementor-widget-container\">\n\t\t\t\t\t<div class=\"elementor-image-box-wrapper\"><figure class=\"elementor-image-box-img\"><img loading=\"lazy\" decoding=\"async\" width=\"2560\" height=\"1707\" src=\"https:\/\/ecgbad-driburg.de\/wp-content\/uploads\/DSCF1263-scaled.jpg\" class=\"elementor-animation-sink attachment-full size-full wp-image-1689\" alt=\"\" srcset=\"https:\/\/ecgbad-driburg.de\/wp-content\/uploads\/DSCF1263-scaled.jpg 2560w, https:\/\/ecgbad-driburg.de\/wp-content\/uploads\/DSCF1263-300x200.jpg 300w, https:\/\/ecgbad-driburg.de\/wp-content\/uploads\/DSCF1263-1024x683.jpg 1024w, https:\/\/ecgbad-driburg.de\/wp-content\/uploads\/DSCF1263-768x512.jpg 768w, https:\/\/ecgbad-driburg.de\/wp-content\/uploads\/DSCF1263-1536x1024.jpg 1536w, https:\/\/ecgbad-driburg.de\/wp-content\/uploads\/DSCF1263-2048x1365.jpg 2048w\" sizes=\"(max-width: 706px) 89vw, (max-width: 767px) 82vw, 740px\" \/><\/figure><div class=\"elementor-image-box-content\"><h3 class=\"elementor-image-box-title\">Mittwoch 18.30Uhr<\/h3><p class=\"elementor-image-box-description\">Bei dem Kindertreff lernen die Kinder Gottes Wort besser kennen. Es wird in einer fr\u00f6hlichen Runde gesungen, gebastelt und gespielt.<\/p><\/div><\/div>\t\t\t\t<\/div>\n\t\t\t\t<\/div>\n\t\t\t\t<\/div>\n\t\t\t\t<\/div>\n\t\t\t\t<\/div>\n\t\t\t\t<\/div>\n\t\t<div class=\"elementor-element elementor-element-d895bff e-con-full e-flex e-con e-parent\" data-id=\"d895bff\" data-element_type=\"container\" data-e-type=\"container\">\n\t\t<div class=\"elementor-element elementor-element-7794872 e-con-full e-flex e-con e-child\" data-id=\"7794872\" data-element_type=\"container\" data-e-type=\"container\">\n\t\t<div class=\"elementor-element elementor-element-dc16e11 e-con-full e-flex e-con e-child\" data-id=\"dc16e11\" data-element_type=\"container\" data-e-type=\"container\">\n\t\t<div class=\"elementor-element elementor-element-bf39cb0 e-con-full e-flex e-con e-child\" data-id=\"bf39cb0\" data-element_type=\"container\" data-e-type=\"container\">\n\t\t\t\t<div class=\"elementor-element elementor-element-cd758da elementor-widget elementor-widget-heading\" data-id=\"cd758da\" data-element_type=\"widget\" data-e-type=\"widget\" data-widget_type=\"heading.default\">\n\t\t\t\t<div class=\"elementor-widget-container\">\n\t\t\t\t\t<h2 class=\"elementor-heading-title elementor-size-default\">Teens<\/h2>\t\t\t\t<\/div>\n\t\t\t\t<\/div>\n\t\t\t\t<div class=\"elementor-element elementor-element-e47dfd6 elementor-position-top elementor-widget elementor-widget-image-box\" data-id=\"e47dfd6\" data-element_type=\"widget\" data-e-type=\"widget\" data-widget_type=\"image-box.default\">\n\t\t\t\t<div class=\"elementor-widget-container\">\n\t\t\t\t\t<div class=\"elementor-image-box-wrapper\"><figure class=\"elementor-image-box-img\"><img loading=\"lazy\" decoding=\"async\" width=\"1536\" height=\"2048\" src=\"https:\/\/ecgbad-driburg.de\/wp-content\/uploads\/WhatsApp-Image-2025-06-24-at-10.33.43.jpeg\" class=\"elementor-animation-sink attachment-full size-full wp-image-2189\" alt=\"\" srcset=\"https:\/\/ecgbad-driburg.de\/wp-content\/uploads\/WhatsApp-Image-2025-06-24-at-10.33.43.jpeg 1536w, https:\/\/ecgbad-driburg.de\/wp-content\/uploads\/WhatsApp-Image-2025-06-24-at-10.33.43-225x300.jpeg 225w, https:\/\/ecgbad-driburg.de\/wp-content\/uploads\/WhatsApp-Image-2025-06-24-at-10.33.43-768x1024.jpeg 768w, https:\/\/ecgbad-driburg.de\/wp-content\/uploads\/WhatsApp-Image-2025-06-24-at-10.33.43-1152x1536.jpeg 1152w\" sizes=\"(max-width: 706px) 89vw, (max-width: 767px) 82vw, 740px\" \/><\/figure><div class=\"elementor-image-box-content\"><h3 class=\"elementor-image-box-title\">Donnerstag 18.30Uhr<\/h3><p class=\"elementor-image-box-description\">Die Teens (13-16 Jahre) treffen sich zum gemeinsamen Singen, Bibellesen und Spiele spielen. Durch altersgerechte Themen werden sie n\u00e4her zu Gott gef\u00fchrt.<\/p><\/div><\/div>\t\t\t\t<\/div>\n\t\t\t\t<\/div>\n\t\t\t\t<\/div>\n\t\t<div class=\"elementor-element elementor-element-6deaa8e e-con-full e-flex e-con e-child\" data-id=\"6deaa8e\" data-element_type=\"container\" data-e-type=\"container\">\n\t\t\t\t<div class=\"elementor-element elementor-element-a638273 elementor-widget elementor-widget-heading\" data-id=\"a638273\" data-element_type=\"widget\" data-e-type=\"widget\" data-widget_type=\"heading.default\">\n\t\t\t\t<div class=\"elementor-widget-container\">\n\t\t\t\t\t<h2 class=\"elementor-heading-title elementor-size-default\">Minitreff (Krabbelgruppe)<\/h2>\t\t\t\t<\/div>\n\t\t\t\t<\/div>\n\t\t\t\t<div class=\"elementor-element elementor-element-af97fc8 elementor-position-top elementor-widget elementor-widget-image-box\" data-id=\"af97fc8\" data-element_type=\"widget\" data-e-type=\"widget\" data-widget_type=\"image-box.default\">\n\t\t\t\t<div class=\"elementor-widget-container\">\n\t\t\t\t\t<div class=\"elementor-image-box-wrapper\"><figure class=\"elementor-image-box-img\"><img loading=\"lazy\" decoding=\"async\" width=\"2048\" height=\"1536\" src=\"https:\/\/ecgbad-driburg.de\/wp-content\/uploads\/IMG-20231117-WA0019.jpg\" class=\"elementor-animation-sink attachment-full size-full wp-image-1691\" alt=\"\" srcset=\"https:\/\/ecgbad-driburg.de\/wp-content\/uploads\/IMG-20231117-WA0019.jpg 2048w, https:\/\/ecgbad-driburg.de\/wp-content\/uploads\/IMG-20231117-WA0019-300x225.jpg 300w, https:\/\/ecgbad-driburg.de\/wp-content\/uploads\/IMG-20231117-WA0019-1024x768.jpg 1024w, https:\/\/ecgbad-driburg.de\/wp-content\/uploads\/IMG-20231117-WA0019-768x576.jpg 768w, https:\/\/ecgbad-driburg.de\/wp-content\/uploads\/IMG-20231117-WA0019-1536x1152.jpg 1536w\" sizes=\"(max-width: 706px) 89vw, (max-width: 767px) 82vw, 740px\" \/><\/figure><div class=\"elementor-image-box-content\"><h3 class=\"elementor-image-box-title\">Freitag 09.00Uhr<\/h3><p class=\"elementor-image-box-description\">Der Minitreff ist eine Zeit der Gemeinschaft unter M\u00fcttern mit ihren Kleinkindern. Eingeladen sind alle, die den Wunsch nach Austausch und Kennenlernen haben. An die Kleinkinder wird ein biblischer Input weitergegeben, anschlie\u00dfender Snack und eine Mal- oder Basteleinheit wird ebenfalls f\u00fcr die Kinder vorbereitet. W\u00e4hrenddessen gibt es einen Themenimpuls f\u00fcr die M\u00fctter mit M\u00f6glichkeit zum Austausch. Mit Spiel und Gesang wird der Vormittag abgerundet. Wir freuen uns \u00fcber jeden, der dazu kommt!<\/p><\/div><\/div>\t\t\t\t<\/div>\n\t\t\t\t<\/div>\n\t\t\t\t<\/div>\n\t\t<div class=\"elementor-element elementor-element-6cac518 e-con-full e-flex e-con e-child\" data-id=\"6cac518\" data-element_type=\"container\" data-e-type=\"container\">\n\t\t\t\t<div class=\"elementor-element elementor-element-81ee8e2 elementor-widget elementor-widget-heading\" data-id=\"81ee8e2\" data-element_type=\"widget\" data-e-type=\"widget\" data-widget_type=\"heading.default\">\n\t\t\t\t<div class=\"elementor-widget-container\">\n\t\t\t\t\t<h2 class=\"elementor-heading-title elementor-size-default\">Jugendstunde<\/h2>\t\t\t\t<\/div>\n\t\t\t\t<\/div>\n\t\t\t\t<div class=\"elementor-element elementor-element-577c1c4 elementor-position-top elementor-widget elementor-widget-image-box\" data-id=\"577c1c4\" data-element_type=\"widget\" data-e-type=\"widget\" data-widget_type=\"image-box.default\">\n\t\t\t\t<div class=\"elementor-widget-container\">\n\t\t\t\t\t<div class=\"elementor-image-box-wrapper\"><figure class=\"elementor-image-box-img\"><img loading=\"lazy\" decoding=\"async\" width=\"2560\" height=\"1608\" src=\"https:\/\/ecgbad-driburg.de\/wp-content\/uploads\/IMG_4315-scaled.jpeg\" class=\"elementor-animation-sink attachment-full size-full wp-image-1710\" alt=\"\" srcset=\"https:\/\/ecgbad-driburg.de\/wp-content\/uploads\/IMG_4315-scaled.jpeg 2560w, https:\/\/ecgbad-driburg.de\/wp-content\/uploads\/IMG_4315-300x188.jpeg 300w, https:\/\/ecgbad-driburg.de\/wp-content\/uploads\/IMG_4315-1024x643.jpeg 1024w, https:\/\/ecgbad-driburg.de\/wp-content\/uploads\/IMG_4315-768x482.jpeg 768w, https:\/\/ecgbad-driburg.de\/wp-content\/uploads\/IMG_4315-1536x965.jpeg 1536w, https:\/\/ecgbad-driburg.de\/wp-content\/uploads\/IMG_4315-2048x1287.jpeg 2048w\" sizes=\"(max-width: 706px) 89vw, (max-width: 767px) 82vw, 740px\" \/><\/figure><div class=\"elementor-image-box-content\"><h3 class=\"elementor-image-box-title\">Freitag 19.30Uhr<\/h3><p class=\"elementor-image-box-description\">Die Jugendlichen treffen sich, um gemeinsam zu singen, zu beten und, um im Gespr\u00e4ch die Bibel richtig verstehen zu k\u00f6nnen.\nEs werden Jugendliche und Gastredner eingeladen, um sich \u00fcber eigene Erfahrungen und Gedanken auszutauschen.<\/p><\/div><\/div>\t\t\t\t<\/div>\n\t\t\t\t<\/div>\n\t\t\t\t<\/div>\n\t\t\t\t<\/div>\n\t\t\t\t<\/div>\n\t\t\t\t<\/div>\n\t\t\t\t<\/div>\n\t\t","protected":false},"excerpt":{"rendered":"<p>Unsere Veranstaltungen Willst du mehr \u00fcber uns erfahren? Du bist gerne eingeladen! Unsere Veranstaltungen sind \u00f6ffentlich und f\u00fcr jeden ohne Anmeldung frei zu besuchen. Komm doch einfach vorbei \u2013 wir freuen uns auf dich! Veranstaltungen Gottesdienst Sonntag 10.00Uhr Den Gottesdienst am Sonntag verstehen wir als eine Zeit der Gemeinschaft und der Ermutigung. Durch Singen und &hellip; <\/p>\n<p class=\"link-more\"><a href=\"https:\/\/ecgbad-driburg.de\/workshop\/\" class=\"more-link\"><span class=\"screen-reader-text\">\u201eVeranstaltungen\u201c <\/span>weiterlesen<\/a><\/p>\n","protected":false},"author":4,"featured_media":0,"parent":0,"menu_order":0,"comment_status":"closed","ping_status":"closed","template":"elementor_header_footer","meta":{"episode_type":"","audio_file":"","podmotor_file_id":"","podmotor_episode_id":"","cover_image":"","cover_image_id":"","duration":"","filesize":"","filesize_raw":"","date_recorded":"","explicit":"","block":"","itunes_episode_number":"","itunes_title":"","itunes_season_number":"","itunes_episode_type":"","footnotes":""},"class_list":["post-1606","page","type-page","status-publish","hentry"],"_links":{"self":[{"href":"https:\/\/ecgbad-driburg.de\/wp-json\/wp\/v2\/pages\/1606","targetHints":{"allow":["GET"]}}],"collection":[{"href":"https:\/\/ecgbad-driburg.de\/wp-json\/wp\/v2\/pages"}],"about":[{"href":"https:\/\/ecgbad-driburg.de\/wp-json\/wp\/v2\/types\/page"}],"author":[{"embeddable":true,"href":"https:\/\/ecgbad-driburg.de\/wp-json\/wp\/v2\/users\/4"}],"replies":[{"embeddable":true,"href":"https:\/\/ecgbad-driburg.de\/wp-json\/wp\/v2\/comments?post=1606"}],"version-history":[{"count":28,"href":"https:\/\/ecgbad-driburg.de\/wp-json\/wp\/v2\/pages\/1606\/revisions"}],"predecessor-version":[{"id":2417,"href":"https:\/\/ecgbad-driburg.de\/wp-json\/wp\/v2\/pages\/1606\/revisions\/2417"}],"wp:attachment":[{"href":"https:\/\/ecgbad-driburg.de\/wp-json\/wp\/v2\/media?parent=1606"}],"curies":[{"name":"wp","href":"https:\/\/api.w.org\/{rel}","templated":true}]}}